{"id":1827,"date":"2025-12-10T21:05:46","date_gmt":"2025-12-10T21:05:46","guid":{"rendered":"https:\/\/www.casafernanda.com\/hub\/reglamento-de-espacio-pet-friendly\/"},"modified":"2026-03-24T23:01:01","modified_gmt":"2026-03-24T23:01:01","slug":"reglamento-de-espacio-pet-friendly","status":"publish","type":"page","link":"https:\/\/www.casafernanda.com\/en\/hub\/reglamento-de-espacio-pet-friendly\/","title":{"rendered":"Reglamento de espacio Pet Friendly"},"content":{"rendered":"<p>Les informamos que el restaurante La Veladora es amigable con las mascotas, espec\u00edficamente con perros y gatos, por lo que permitimos su ingreso bajo las siguientes reglas:<\/p>\n<ol>\n<li>\u00c1reas <em>pet friendly<\/em> designadas:<br \/>\n<strong>Cafeter\u00eda La Veladora<\/strong>, en un horario de 8 a 17 h., para servicios de desayunos y comidas.<br \/>\n<strong>Mesa de Olbes<\/strong>, en un horario de 8 a 18 h., para servicios de desayunos y comidas, en esta \u00e1rea se requiere previa reservaci\u00f3n.<br \/>\n* En caso de lluvia, u otro cambio clim\u00e1tico que no permitiera el servicio en estas \u00e1reas, quedar\u00e1 suspendido el servicio de <em>pet friendly<\/em>, por falta de espacio.<\/li>\n<li>Las mascotas deben estar en todo momento y sin excepci\u00f3n alguna bajo la custodia de su propietario.<\/li>\n<li>Deben tener collar y correa en todo momento. Esta debe ser debidamente controlada por una persona.<\/li>\n<li>Las mascotas tranquilas, no agresivas, que est\u00e9n domesticadas y acostumbradas a no molestar a otros comensales, son bienvenidas.<\/li>\n<li>No subirlos en sillas o mesas.<\/li>\n<li>Se proh\u00edbe a los propietarios de la mascota que \u00e9stas realicen deposiciones en las zonas de jardines. Los propietarios deber\u00e1n implementar de aseo necesario para limpiar cualquier disposici\u00f3n o desecho de su mascota.<\/li>\n<li>Los propietarios de las mascotas ser\u00e1n responsables ante cualquier persona que resulte perjudicada o lesionada en sus bienes, integridad f\u00edsica por la mascota. En consecuencia, se obliga a responder ante terceros por los mencionados.<\/li>\n<li>Con el fin de garantizar la seguridad de sus visitantes, el restaurante La Veladora se reserva el derecho de admisi\u00f3n; derecho que ejercer\u00e1 cuando lo considere conveniente por lo que est\u00e1 facultado para solicitar el retiro de las mascotas ante situaciones que afecten la tranquilidad de las actividades del restaurante y de sus visitantes.<\/li>\n<\/ol>\n<p>El ingreso al restaurante con mascotas se entiende como aceptaci\u00f3n del presente reglamento.<\/p>\n","protected":false},"excerpt":{"rendered":"<p>Les informamos que el restaurante La Veladora es amigable con las mascotas, espec\u00edficamente con perros y gatos, por lo que permitimos su ingreso bajo las siguientes reglas: \u00c1reas pet friendly designadas: Cafeter\u00eda La Veladora, en un horario de 8 a 17 h., para servicios de desayunos y comidas. Mesa de Olbes, en un horario de [&hellip;]<\/p>\n","protected":false},"author":2,"featured_media":0,"parent":1357,"menu_order":0,"comment_status":"closed","ping_status":"closed","template":"page-reglamento.php","meta":{"_acf_changed":false,"footnotes":""},"class_list":["post-1827","page","type-page","status-publish","hentry"],"acf":[],"_links":{"self":[{"href":"https:\/\/www.casafernanda.com\/en\/wp-json\/wp\/v2\/pages\/1827","targetHints":{"allow":["GET"]}}],"collection":[{"href":"https:\/\/www.casafernanda.com\/en\/wp-json\/wp\/v2\/pages"}],"about":[{"href":"https:\/\/www.casafernanda.com\/en\/wp-json\/wp\/v2\/types\/page"}],"author":[{"embeddable":true,"href":"https:\/\/www.casafernanda.com\/en\/wp-json\/wp\/v2\/users\/2"}],"replies":[{"embeddable":true,"href":"https:\/\/www.casafernanda.com\/en\/wp-json\/wp\/v2\/comments?post=1827"}],"version-history":[{"count":1,"href":"https:\/\/www.casafernanda.com\/en\/wp-json\/wp\/v2\/pages\/1827\/revisions"}],"predecessor-version":[{"id":1828,"href":"https:\/\/www.casafernanda.com\/en\/wp-json\/wp\/v2\/pages\/1827\/revisions\/1828"}],"up":[{"embeddable":true,"href":"https:\/\/www.casafernanda.com\/en\/wp-json\/wp\/v2\/pages\/1357"}],"wp:attachment":[{"href":"https:\/\/www.casafernanda.com\/en\/wp-json\/wp\/v2\/media?parent=1827"}],"curies":[{"name":"wp","href":"https:\/\/api.w.org\/{rel}","templated":true}]}}